{"id":46,"date":"2014-10-11T09:01:25","date_gmt":"2014-10-11T09:01:25","guid":{"rendered":"http:\/\/www.archaeologie-lahndill.de\/wp\/?page_id=46"},"modified":"2019-04-28T08:48:54","modified_gmt":"2019-04-28T08:48:54","slug":"veroeffentlichungen","status":"publish","type":"page","link":"https:\/\/www.archaeologie-lahndill.de\/wp\/veroeffentlichungen\/","title":{"rendered":"Ver\u00f6ffentlichungen"},"content":{"rendered":"<p>Seit 2006 ver\u00f6ffentlichen wir in der Reihe <strong>&#8222;Schriften des Vereins f\u00fcr regionale Vorgeschichte e. V.&#8220;<\/strong> Beitr\u00e4ge zur allgemeinen und regionalen arch\u00e4ologischen Forschung. Ausnahmen bilden die ersten beiden Hefte, die sich mit dem Haus der Vorgeschichte befassen.<\/p>\n<p>Mitglieder erhalten die Hefte kostenlos, Nichtmitglieder k\u00f6nnen sie in der Gesch\u00e4ftsstelle oder beim Vorstand erwerben.<\/p>\n<p>Bisher erschienen:<\/p>\n<ul>\n<li>12\/ 2018 &#8211; Fr\u00fchmenschen an der mittleren Lahn. Katalog zur Sonderausstellung im Haus der Vorgeschichte<\/li>\n<li>11\/ 2018 &#8211; Klaus Engelbach\/ Edwin Gombel\/ Holger S\u00fc\u00df: Neuanlage des Wasserhochbeh\u00e4lters &#8218;Taunusseite&#8216; und zugeh\u00f6riger Leitung nach Solms-Burgsolms 2015-2017<\/li>\n<li>10\/2017 &#8211; Klaus Engelbach\/ Johanna Kranzb\u00fchler M. A.\/ Joachim Schleifring: Menschliche Skelette in der Kirche Braunfels-Neukirchen<\/li>\n<li>9\/ 2015 &#8211; Heinrich janke\/ Michel K\u00fcthe\/ Holger S\u00fc\u00df\/ Klaus Engelbach: Regionale Eisengewinnung und &#8211; verarbeitung im Mittelalter<\/li>\n<li>8\/ 2015 &#8211; Michel K\u00fcthe: 10 Jahre Verein f\u00fcr regionale Vorgeschichte e. V.<\/li>\n<li>7\/ 2015 &#8211; Klaus Engelbach: Die \u00e4lteste Siedlung in der Gemeinde Sch\u00f6ffengrund<\/li>\n<li>6\/2012 &#8211; Michel K\u00fcthe\/ Ursuka Str\u00f6hle\/ Klaus L\u00f6w: Schule in Oberquembach &#8211; 1800 bis 1950<\/li>\n<li>5\/ 2011 &#8211; Klaus Engelbach\/ Michel K\u00fcthe: Getreide mahlen. 8000 Jahre Mehlherstellung in Mitteleuropa<\/li>\n<li>4\/ 2010 &#8211; Dr. Sabine Schade-Lindig: Arch\u00e4ologische Flurbegehungen &#8211; Schwerpunkt Neolithikum<\/li>\n<li>3\/ 2009 &#8211; Klaus Engelbach\/ R\u00fcdiger Kapust: Das \u00e4lteste Steinwerkzeug im Lahn-Dill-Kreis. Ein Protofaustkeil aus Wetzlar-M\u00fcnchholzhausen<\/li>\n<li>2\/ 2008 &#8211; Michel K\u00fcthe: Schule in Oberquembach im 19. Jahrhundert. Bau der &#8222;Alten Schule&#8220;<\/li>\n<li>1\/ 2006 &#8211; Klaus Engelbach\/ Michel K\u00fcthe: Aus der Geschichte der Lehmarchitektur<\/li>\n<\/ul>\n","protected":false},"excerpt":{"rendered":"<p>Seit 2006 ver\u00f6ffentlichen wir in der Reihe &#8222;Schriften des Vereins f\u00fcr regionale Vorgeschichte e. V.&#8220; Beitr\u00e4ge zur allgemeinen<\/p>\n","protected":false},"author":1,"featured_media":0,"parent":0,"menu_order":0,"comment_status":"closed","ping_status":"closed","template":"","meta":{"ngg_post_thumbnail":0,"footnotes":""},"class_list":["post-46","page","type-page","status-publish","hentry"],"_links":{"self":[{"href":"https:\/\/www.archaeologie-lahndill.de\/wp\/wp-json\/wp\/v2\/pages\/46","targetHints":{"allow":["GET"]}}],"collection":[{"href":"https:\/\/www.archaeologie-lahndill.de\/wp\/wp-json\/wp\/v2\/pages"}],"about":[{"href":"https:\/\/www.archaeologie-lahndill.de\/wp\/wp-json\/wp\/v2\/types\/page"}],"author":[{"embeddable":true,"href":"https:\/\/www.archaeologie-lahndill.de\/wp\/wp-json\/wp\/v2\/users\/1"}],"replies":[{"embeddable":true,"href":"https:\/\/www.archaeologie-lahndill.de\/wp\/wp-json\/wp\/v2\/comments?post=46"}],"version-history":[{"count":9,"href":"https:\/\/www.archaeologie-lahndill.de\/wp\/wp-json\/wp\/v2\/pages\/46\/revisions"}],"predecessor-version":[{"id":481,"href":"https:\/\/www.archaeologie-lahndill.de\/wp\/wp-json\/wp\/v2\/pages\/46\/revisions\/481"}],"wp:attachment":[{"href":"https:\/\/www.archaeologie-lahndill.de\/wp\/wp-json\/wp\/v2\/media?parent=46"}],"curies":[{"name":"wp","href":"https:\/\/api.w.org\/{rel}","templated":true}]}}